{"id":6077,"date":"2021-04-30T13:10:59","date_gmt":"2021-04-30T16:10:59","guid":{"rendered":"https:\/\/greenroad.bio\/?page_id=6077"},"modified":"2023-11-10T13:12:13","modified_gmt":"2023-11-10T16:12:13","slug":"retos-a-la-sostenibilidad","status":"publish","type":"page","link":"https:\/\/greenroad.bio\/en\/retos-a-la-sostenibilidad\/","title":{"rendered":"Challenges to sustainability"},"content":{"rendered":"<div data-elementor-type=\"wp-post\" data-elementor-id=\"6077\" class=\"elementor elementor-6077\" data-elementor-post-type=\"page\">\n\t\t\t\t\t\t<section class=\"elementor-section elementor-top-section elementor-element elementor-element-51f9c8c elementor-section-content-top elementor-section-full_width elementor-section-stretched elementor-section-height-default elementor-section-height-default\" data-id=\"51f9c8c\" data-element_type=\"section\" data-settings=\"{&quot;background_background&quot;:&quot;classic&quot;,&quot;stretch_section&quot;:&quot;section-stretched&quot;}\">\n\t\t\t\t\t\t<div class=\"elementor-container elementor-column-gap-no\">\n\t\t\t\t\t<div class=\"elementor-column elementor-col-100 elementor-top-column elementor-element elementor-element-a698904 sc_layouts_column_icons_position_left\" data-id=\"a698904\" data-element_type=\"column\">\n\t\t\t<div class=\"elementor-widget-wrap elementor-element-populated\">\n\t\t\t\t\t\t<div class=\"elementor-element elementor-element-dcb9179 sc_fly_static elementor-widget elementor-widget-spacer\" data-id=\"dcb9179\" data-element_type=\"widget\" data-widget_type=\"spacer.default\">\n\t\t\t\t<div class=\"elementor-widget-container\">\n\t\t\t\t\t\t\t<div class=\"elementor-spacer\">\n\t\t\t<div class=\"elementor-spacer-inner\"><\/div>\n\t\t<\/div>\n\t\t\t\t\t\t<\/div>\n\t\t\t\t<\/div>\n\t\t\t\t<section class=\"elementor-section elementor-inner-section elementor-element elementor-element-7f30591 elementor-section-boxed elementor-section-height-default elementor-section-height-default\" data-id=\"7f30591\" data-element_type=\"section\" data-settings=\"{&quot;background_background&quot;:&quot;classic&quot;}\">\n\t\t\t\t\t\t<div class=\"elementor-container elementor-column-gap-extended\">\n\t\t\t\t\t<div class=\"elementor-column elementor-col-100 elementor-inner-column elementor-element elementor-element-b21d74f sc_layouts_column_icons_position_left elementor-invisible\" data-id=\"b21d74f\" data-element_type=\"column\" data-settings=\"{&quot;animation&quot;:&quot;fadeInRight&quot;}\">\n\t\t\t<div class=\"elementor-widget-wrap elementor-element-populated\">\n\t\t\t\t\t\t<div class=\"elementor-element elementor-element-044f802 sc_fly_static elementor-widget elementor-widget-spacer\" data-id=\"044f802\" data-element_type=\"widget\" data-widget_type=\"spacer.default\">\n\t\t\t\t<div class=\"elementor-widget-container\">\n\t\t\t\t\t\t\t<div class=\"elementor-spacer\">\n\t\t\t<div class=\"elementor-spacer-inner\"><\/div>\n\t\t<\/div>\n\t\t\t\t\t\t<\/div>\n\t\t\t\t<\/div>\n\t\t\t\t<div class=\"elementor-element elementor-element-0ad68a4 sc_fly_static elementor-widget elementor-widget-trx_sc_title\" data-id=\"0ad68a4\" data-element_type=\"widget\" data-widget_type=\"trx_sc_title.default\">\n\t\t\t\t<div class=\"elementor-widget-container\">\n\t\t\t\t\t<div id=\"trx_sc_title_931403759\"\n\t\tclass=\"sc_title sc_title_default\"><span class=\"sc_item_subtitle sc_title_subtitle sc_item_subtitle_above sc_item_title_style_default\">DO WE KNOW HOW THINGS ARE PRODUCED?<\/span><h3 class=\"sc_item_title sc_title_title sc_item_title_style_default sc_item_title_tag\"><span class=\"sc_item_title_text\">Get to know biomimetic solutions applied to current pressing challenges.<\/span><\/h3><div class=\"sc_item_descr sc_title_descr\"><p>Challenges that are currently relevant globally.<\/p>\n<\/div><\/div><!-- \/.sc_title -->\t\t\t\t<\/div>\n\t\t\t\t<\/div>\n\t\t\t\t<div class=\"elementor-element elementor-element-bd44a30 sc_fly_static elementor-widget elementor-widget-spacer\" data-id=\"bd44a30\" data-element_type=\"widget\" data-widget_type=\"spacer.default\">\n\t\t\t\t<div class=\"elementor-widget-container\">\n\t\t\t\t\t\t\t<div class=\"elementor-spacer\">\n\t\t\t<div class=\"elementor-spacer-inner\"><\/div>\n\t\t<\/div>\n\t\t\t\t\t\t<\/div>\n\t\t\t\t<\/div>\n\t\t\t\t\t<\/div>\n\t\t<\/div>\n\t\t\t\t\t<\/div>\n\t\t<\/section>\n\t\t\t\t\t<\/div>\n\t\t<\/div>\n\t\t\t\t\t<\/div>\n\t\t<\/section>\n\t\t\t\t<section class=\"elementor-section elementor-top-section elementor-element elementor-element-2c15f5c elementor-section-boxed elementor-section-height-default elementor-section-height-default\" data-id=\"2c15f5c\" data-element_type=\"section\">\n\t\t\t\t\t\t<div class=\"elementor-container elementor-column-gap-extended\">\n\t\t\t\t\t<div class=\"elementor-column elementor-col-100 elementor-top-column elementor-element elementor-element-b1112f0 sc_layouts_column_icons_position_left\" data-id=\"b1112f0\" data-element_type=\"column\">\n\t\t\t<div class=\"elementor-widget-wrap elementor-element-populated\">\n\t\t\t\t\t\t<div class=\"elementor-element elementor-element-06bb549 sc_fly_static elementor-widget elementor-widget-spacer\" data-id=\"06bb549\" data-element_type=\"widget\" data-widget_type=\"spacer.default\">\n\t\t\t\t<div class=\"elementor-widget-container\">\n\t\t\t\t\t\t\t<div class=\"elementor-spacer\">\n\t\t\t<div class=\"elementor-spacer-inner\"><\/div>\n\t\t<\/div>\n\t\t\t\t\t\t<\/div>\n\t\t\t\t<\/div>\n\t\t\t\t<div class=\"elementor-element elementor-element-d5e055e sc_fly_static elementor-widget elementor-widget-trx_sc_blogger\" data-id=\"d5e055e\" data-element_type=\"widget\" data-widget_type=\"trx_sc_blogger.default\">\n\t\t\t\t<div class=\"elementor-widget-container\">\n\t\t\t\t\t<div  id=\"trx_sc_blogger_1411427420\"\t\tclass=\"sc_blogger sc_blogger_plain\"><div class=\"sc_blogger_columns_wrap sc_item_columns sc_item_posts_container trx_addons_columns_wrap\"><div class=\"trx_addons_column-1_3\"><div class=\"sc_blogger_item post_format_standard post-6082 post type-post status-publish format-standard has-post-thumbnail hentry category-retos post_emotion_main_none post_emotion_none post_emotion_love\"><div class=\"post_featured with_thumb hover_ sc_blogger_item_featured\"><img fetchpriority=\"high\" decoding=\"async\" width=\"530\" height=\"350\" src=\"https:\/\/greenroad.bio\/wp-content\/uploads\/2021\/04\/producing_concrete_functionsapplicationsdetails.jpeg\" class=\"attachment-ekoterra-thumb-medium size-ekoterra-thumb-medium wp-post-image\" alt=\"\" srcset=\"https:\/\/greenroad.bio\/wp-content\/uploads\/2021\/04\/producing_concrete_functionsapplicationsdetails.jpeg 530w, https:\/\/greenroad.bio\/wp-content\/uploads\/2021\/04\/producing_concrete_functionsapplicationsdetails-400x264.jpeg 400w, https:\/\/greenroad.bio\/wp-content\/uploads\/2021\/04\/producing_concrete_functionsapplicationsdetails-18x12.jpeg 18w, https:\/\/greenroad.bio\/wp-content\/uploads\/2021\/04\/producing_concrete_functionsapplicationsdetails-370x244.jpeg 370w, https:\/\/greenroad.bio\/wp-content\/uploads\/2021\/04\/producing_concrete_functionsapplicationsdetails-387x256.jpeg 387w, https:\/\/greenroad.bio\/wp-content\/uploads\/2021\/04\/producing_concrete_functionsapplicationsdetails-195x128.jpeg 195w, https:\/\/greenroad.bio\/wp-content\/uploads\/2021\/04\/producing_concrete_functionsapplicationsdetails-500x330.jpeg 500w\" sizes=\"(max-width: 530px) 100vw, 530px\" \/>\t\t\t<a href=\"https:\/\/greenroad.bio\/en\/produccion-de-concreto\/\"  aria-hidden=\"true\" class=\"icons\"><\/a>\n\t\t\t<\/div><div class=\"sc_blogger_item_content entry-content\"><h6 class=\"sc_blogger_item_title entry-title\"><a href=\"https:\/\/greenroad.bio\/en\/produccion-de-concreto\/\" rel=\"bookmark\">The Soil<\/a><\/h6>\t\t<div class=\"post_meta\">\n\t\t\t\t\t\t\t\t\t<span class=\"post_meta_item post_date\"\n\t\t\t\t\t\t\t\t\t\t\t\t\t>\n\t\t\t\t\t\t\t\t\t\t\t\t\t\t\t<a href=\"https:\/\/greenroad.bio\/en\/produccion-de-concreto\/\">\n\t\t\t\t\t\t\t\t30 April, 2021\t\t\t\t\t\t\t\t<\/a>\n\t\t\t\t\t\t\t\t\t\t\t\t\t\t<\/span>\n\t\t\t\t\t\t\t\t\t\t\t\t<span class=\"post_meta_item post_categories\"><a href=\"https:\/\/greenroad.bio\/en\/category\/retos\/\" rel=\"category tag\">Retos<\/a><\/span>\n\t\t\t\t\t\t<span class=\"post_meta_item post_share\"><div class=\"socials_share socials_size_tiny socials_type_drop socials_dir_horizontal\"><a href=\"#\" class=\"socials_caption\"><span class=\"socials_caption_label\">Share<\/span><\/a><span class=\"social_items\"><a class=\"social_item social_item_popup\" href=\"\" data-link=\"\" data-count=\"none\"><span class=\"social_icon social_icon_none sc_icon_type_icons\"><span class=\"none\"><\/span><i>None<\/i><\/span><\/a><\/span><\/div><\/span>\t\t<\/div><!-- .post_meta -->\n\t\t<div class=\"sc_blogger_item_excerpt\">\n\t\t\t\t<div class=\"sc_blogger_item_excerpt_text\">\n\t\t\t\t\t<p>After water, concrete is the most widely used substance on the planet (The Guardian, 2019). If it\u2026<\/p>\n\t\t\t\t<\/div>\n\t\t\t\t<div class=\"sc_blogger_item_button sc_item_button\"><a href=\"https:\/\/greenroad.bio\/en\/produccion-de-concreto\/\" class=\"sc_button sc_button_simple\">READ MORE<\/a><\/div><\/div><!-- .sc_blogger_item_excerpt --><\/div><!-- .entry-content --><\/div><!-- .sc_blogger_item --><\/div><div class=\"trx_addons_column-1_3\"><div class=\"sc_blogger_item post_format_standard post-9094 post type-post status-publish format-standard hentry category-retos post_emotion_main_none post_emotion_none post_emotion_love\"><div class=\"sc_blogger_item_content entry-content\"><h6 class=\"sc_blogger_item_title entry-title\"><a href=\"https:\/\/greenroad.bio\/en\/greenroad-asesora-directamente-a-skn-parte-de-neumann-gruppe-kaffee-en-su-programa-de-sostenibilidad-de-cafe-en-colombia\/\" rel=\"bookmark\">Greenroad consultancy advises SKN (Part of Neumann Gr\u00fcppe Kaffee) about its coffee sustainability program in Colombia<\/a><\/h6>\t\t<div class=\"post_meta\">\n\t\t\t\t\t\t\t\t\t<span class=\"post_meta_item post_date\"\n\t\t\t\t\t\t\t\t\t\t\t\t\t>\n\t\t\t\t\t\t\t\t\t\t\t\t\t\t\t<a href=\"https:\/\/greenroad.bio\/en\/greenroad-asesora-directamente-a-skn-parte-de-neumann-gruppe-kaffee-en-su-programa-de-sostenibilidad-de-cafe-en-colombia\/\">\n\t\t\t\t\t\t\t\t3 December, 2021\t\t\t\t\t\t\t\t<\/a>\n\t\t\t\t\t\t\t\t\t\t\t\t\t\t<\/span>\n\t\t\t\t\t\t\t\t\t\t\t\t<span class=\"post_meta_item post_categories\"><a href=\"https:\/\/greenroad.bio\/en\/category\/retos\/\" rel=\"category tag\">Retos<\/a><\/span>\n\t\t\t\t\t\t<span class=\"post_meta_item post_share\"><div class=\"socials_share socials_size_tiny socials_type_drop socials_dir_horizontal\"><a href=\"#\" class=\"socials_caption\"><span class=\"socials_caption_label\">Share<\/span><\/a><span class=\"social_items\"><a class=\"social_item social_item_popup\" href=\"\" data-link=\"\" data-count=\"none\"><span class=\"social_icon social_icon_none sc_icon_type_icons\"><span class=\"none\"><\/span><i>None<\/i><\/span><\/a><\/span><\/div><\/span>\t\t<\/div><!-- .post_meta -->\n\t\t<div class=\"sc_blogger_item_excerpt\">\n\t\t\t\t<div class=\"sc_blogger_item_excerpt_text\">\n\t\t\t\t\t<p>Since August 2021, Greenroad has begun to advise on the sustainability program in the coffee value chain\u2026<\/p>\n\t\t\t\t<\/div>\n\t\t\t\t<div class=\"sc_blogger_item_button sc_item_button\"><a href=\"https:\/\/greenroad.bio\/en\/greenroad-asesora-directamente-a-skn-parte-de-neumann-gruppe-kaffee-en-su-programa-de-sostenibilidad-de-cafe-en-colombia\/\" class=\"sc_button sc_button_simple\">READ MORE<\/a><\/div><\/div><!-- .sc_blogger_item_excerpt --><\/div><!-- .entry-content --><\/div><!-- .sc_blogger_item --><\/div><\/div><\/div>\t\t\t\t<\/div>\n\t\t\t\t<\/div>\n\t\t\t\t<div class=\"elementor-element elementor-element-2e3ba68 sc_fly_static elementor-widget elementor-widget-spacer\" data-id=\"2e3ba68\" data-element_type=\"widget\" data-widget_type=\"spacer.default\">\n\t\t\t\t<div class=\"elementor-widget-container\">\n\t\t\t\t\t\t\t<div class=\"elementor-spacer\">\n\t\t\t<div class=\"elementor-spacer-inner\"><\/div>\n\t\t<\/div>\n\t\t\t\t\t\t<\/div>\n\t\t\t\t<\/div>\n\t\t\t\t\t<\/div>\n\t\t<\/div>\n\t\t\t\t\t<\/div>\n\t\t<\/section>\n\t\t\t\t<section class=\"elementor-section elementor-top-section elementor-element elementor-element-b6b5353 margin-custom elementor-section-stretched elementor-section-boxed elementor-section-height-default elementor-section-height-default\" data-id=\"b6b5353\" data-element_type=\"section\" data-settings=\"{&quot;background_background&quot;:&quot;classic&quot;,&quot;stretch_section&quot;:&quot;section-stretched&quot;}\">\n\t\t\t\t\t\t\t<div class=\"elementor-background-overlay\"><\/div>\n\t\t\t\t\t\t\t<div class=\"elementor-container elementor-column-gap-extended\">\n\t\t\t\t\t<div class=\"elementor-column elementor-col-100 elementor-top-column elementor-element elementor-element-7f3b15e sc_layouts_column_icons_position_left\" data-id=\"7f3b15e\" data-element_type=\"column\">\n\t\t\t<div class=\"elementor-widget-wrap elementor-element-populated\">\n\t\t\t\t\t\t<div class=\"elementor-element elementor-element-6c5af9d sc_fly_static elementor-widget elementor-widget-spacer\" data-id=\"6c5af9d\" data-element_type=\"widget\" data-widget_type=\"spacer.default\">\n\t\t\t\t<div class=\"elementor-widget-container\">\n\t\t\t\t\t\t\t<div class=\"elementor-spacer\">\n\t\t\t<div class=\"elementor-spacer-inner\"><\/div>\n\t\t<\/div>\n\t\t\t\t\t\t<\/div>\n\t\t\t\t<\/div>\n\t\t\t\t<div class=\"elementor-element elementor-element-4dd7f4f sc_fly_static elementor-widget elementor-widget-heading\" data-id=\"4dd7f4f\" data-element_type=\"widget\" data-widget_type=\"heading.default\">\n\t\t\t\t<div class=\"elementor-widget-container\">\n\t\t\t\t\t<h2 class=\"elementor-heading-title elementor-size-default\">Do you know other processes that imply a challenge to our sustainability?\n\n<\/h2>\t\t\t\t<\/div>\n\t\t\t\t<\/div>\n\t\t\t\t<div class=\"elementor-element elementor-element-c3e8e7d sc_fly_static elementor-widget elementor-widget-spacer\" data-id=\"c3e8e7d\" data-element_type=\"widget\" data-widget_type=\"spacer.default\">\n\t\t\t\t<div class=\"elementor-widget-container\">\n\t\t\t\t\t\t\t<div class=\"elementor-spacer\">\n\t\t\t<div class=\"elementor-spacer-inner\"><\/div>\n\t\t<\/div>\n\t\t\t\t\t\t<\/div>\n\t\t\t\t<\/div>\n\t\t\t\t<div class=\"elementor-element elementor-element-654caaf elementor-align-center sc_fly_static elementor-widget elementor-widget-button\" data-id=\"654caaf\" data-element_type=\"widget\" data-widget_type=\"button.default\">\n\t\t\t\t<div class=\"elementor-widget-container\">\n\t\t\t\t\t\t\t\t\t<div class=\"elementor-button-wrapper\">\n\t\t\t\t\t<a class=\"elementor-button elementor-button-link elementor-size-sm\" href=\"https:\/\/greenroad.bio\/contacto\/\">\n\t\t\t\t\t\t<span class=\"elementor-button-content-wrapper\">\n\t\t\t\t\t\t\t\t\t<span class=\"elementor-button-text\">SEND US YOUR MESSAGE<\/span>\n\t\t\t\t\t<\/span>\n\t\t\t\t\t<\/a>\n\t\t\t\t<\/div>\n\t\t\t\t\t\t\t\t<\/div>\n\t\t\t\t<\/div>\n\t\t\t\t<div class=\"elementor-element elementor-element-624dd35 sc_fly_static elementor-widget elementor-widget-spacer\" data-id=\"624dd35\" data-element_type=\"widget\" data-widget_type=\"spacer.default\">\n\t\t\t\t<div class=\"elementor-widget-container\">\n\t\t\t\t\t\t\t<div class=\"elementor-spacer\">\n\t\t\t<div class=\"elementor-spacer-inner\"><\/div>\n\t\t<\/div>\n\t\t\t\t\t\t<\/div>\n\t\t\t\t<\/div>\n\t\t\t\t\t<\/div>\n\t\t<\/div>\n\t\t\t\t\t<\/div>\n\t\t<\/section>\n\t\t\t\t<\/div>","protected":false},"excerpt":{"rendered":"<p>Do we know how things are produced? Get to know the biomimetic solutions to the main current problems. Challenges that\u2026<\/p>","protected":false},"author":1,"featured_media":0,"parent":0,"menu_order":0,"comment_status":"closed","ping_status":"closed","template":"","meta":{"footnotes":""},"class_list":["post-6077","page","type-page","status-publish","hentry","post_emotion_main_none","post_emotion_none","post_emotion_love"],"yoast_head":"<!-- This site is optimized with the Yoast SEO plugin v25.8 - https:\/\/yoast.com\/wordpress\/plugins\/seo\/ -->\n<title>Retos a la sostenibilidad - GREEN ROAD<\/title>\n<meta name=\"robots\" content=\"index, follow, max-snippet:-1, max-image-preview:large, max-video-preview:-1\" \/>\n<link rel=\"canonical\" href=\"https:\/\/greenroad.bio\/en\/retos-a-la-sostenibilidad\/\" \/>\n<meta property=\"og:locale\" content=\"en_US\" \/>\n<meta property=\"og:type\" content=\"article\" \/>\n<meta property=\"og:title\" content=\"Retos a la sostenibilidad - GREEN ROAD\" \/>\n<meta property=\"og:description\" content=\"\u00bfSabemos como se producen las cosas? Conoc\u00e9 las soluciones biomim\u00e9ticas a las principales problem\u00e1ticas actuales. Desaf\u00edos que&hellip;\" \/>\n<meta property=\"og:url\" content=\"https:\/\/greenroad.bio\/en\/retos-a-la-sostenibilidad\/\" \/>\n<meta property=\"og:site_name\" content=\"GREEN ROAD\" \/>\n<meta property=\"article:modified_time\" content=\"2023-11-10T16:12:13+00:00\" \/>\n<meta property=\"og:image\" content=\"https:\/\/greenroad.bio\/wp-content\/uploads\/2021\/04\/Green-Road-Retos-a-la-sostenibilidad-cuadrada.jpg\" \/>\n\t<meta property=\"og:image:width\" content=\"528\" \/>\n\t<meta property=\"og:image:height\" content=\"528\" \/>\n\t<meta property=\"og:image:type\" content=\"image\/jpeg\" \/>\n<meta name=\"twitter:card\" content=\"summary_large_image\" \/>\n<meta name=\"twitter:label1\" content=\"Est. reading time\" \/>\n\t<meta name=\"twitter:data1\" content=\"2 minutes\" \/>\n<script type=\"application\/ld+json\" class=\"yoast-schema-graph\">{\"@context\":\"https:\/\/schema.org\",\"@graph\":[{\"@type\":\"WebPage\",\"@id\":\"https:\/\/greenroad.bio\/retos-a-la-sostenibilidad\/\",\"url\":\"https:\/\/greenroad.bio\/retos-a-la-sostenibilidad\/\",\"name\":\"Retos a la sostenibilidad - GREEN ROAD\",\"isPartOf\":{\"@id\":\"https:\/\/greenroad.bio\/#website\"},\"primaryImageOfPage\":{\"@id\":\"https:\/\/greenroad.bio\/retos-a-la-sostenibilidad\/#primaryimage\"},\"image\":{\"@id\":\"https:\/\/greenroad.bio\/retos-a-la-sostenibilidad\/#primaryimage\"},\"thumbnailUrl\":\"https:\/\/greenroad.bio\/wp-content\/uploads\/2021\/04\/producing_concrete_functionsapplicationsdetails.jpeg\",\"datePublished\":\"2021-04-30T16:10:59+00:00\",\"dateModified\":\"2023-11-10T16:12:13+00:00\",\"breadcrumb\":{\"@id\":\"https:\/\/greenroad.bio\/retos-a-la-sostenibilidad\/#breadcrumb\"},\"inLanguage\":\"en-US\",\"potentialAction\":[{\"@type\":\"ReadAction\",\"target\":[\"https:\/\/greenroad.bio\/retos-a-la-sostenibilidad\/\"]}]},{\"@type\":\"ImageObject\",\"inLanguage\":\"en-US\",\"@id\":\"https:\/\/greenroad.bio\/retos-a-la-sostenibilidad\/#primaryimage\",\"url\":\"https:\/\/greenroad.bio\/wp-content\/uploads\/2021\/04\/producing_concrete_functionsapplicationsdetails.jpeg\",\"contentUrl\":\"https:\/\/greenroad.bio\/wp-content\/uploads\/2021\/04\/producing_concrete_functionsapplicationsdetails.jpeg\"},{\"@type\":\"BreadcrumbList\",\"@id\":\"https:\/\/greenroad.bio\/retos-a-la-sostenibilidad\/#breadcrumb\",\"itemListElement\":[{\"@type\":\"ListItem\",\"position\":1,\"name\":\"Inicio\",\"item\":\"https:\/\/greenroad.bio\/\"},{\"@type\":\"ListItem\",\"position\":2,\"name\":\"Retos a la sostenibilidad\"}]},{\"@type\":\"WebSite\",\"@id\":\"https:\/\/greenroad.bio\/#website\",\"url\":\"https:\/\/greenroad.bio\/\",\"name\":\"GREEN ROAD\",\"description\":\"Choose the Way of Nature\",\"publisher\":{\"@id\":\"https:\/\/greenroad.bio\/#organization\"},\"potentialAction\":[{\"@type\":\"SearchAction\",\"target\":{\"@type\":\"EntryPoint\",\"urlTemplate\":\"https:\/\/greenroad.bio\/?s={search_term_string}\"},\"query-input\":{\"@type\":\"PropertyValueSpecification\",\"valueRequired\":true,\"valueName\":\"search_term_string\"}}],\"inLanguage\":\"en-US\"},{\"@type\":\"Organization\",\"@id\":\"https:\/\/greenroad.bio\/#organization\",\"name\":\"Green Road | Choose The Way of Nature\",\"url\":\"https:\/\/greenroad.bio\/\",\"logo\":{\"@type\":\"ImageObject\",\"inLanguage\":\"en-US\",\"@id\":\"https:\/\/greenroad.bio\/#\/schema\/logo\/image\/\",\"url\":\"https:\/\/greenroad.bio\/wp-content\/uploads\/2021\/04\/GreenRoad-Logo-Web-circular-color.png\",\"contentUrl\":\"https:\/\/greenroad.bio\/wp-content\/uploads\/2021\/04\/GreenRoad-Logo-Web-circular-color.png\",\"width\":584,\"height\":707,\"caption\":\"Green Road | Choose The Way of Nature\"},\"image\":{\"@id\":\"https:\/\/greenroad.bio\/#\/schema\/logo\/image\/\"}}]}<\/script>\n<!-- \/ Yoast SEO plugin. -->","yoast_head_json":{"title":"Retos a la sostenibilidad - GREEN ROAD","robots":{"index":"index","follow":"follow","max-snippet":"max-snippet:-1","max-image-preview":"max-image-preview:large","max-video-preview":"max-video-preview:-1"},"canonical":"https:\/\/greenroad.bio\/en\/retos-a-la-sostenibilidad\/","og_locale":"en_US","og_type":"article","og_title":"Retos a la sostenibilidad - GREEN ROAD","og_description":"\u00bfSabemos como se producen las cosas? Conoc\u00e9 las soluciones biomim\u00e9ticas a las principales problem\u00e1ticas actuales. Desaf\u00edos que&hellip;","og_url":"https:\/\/greenroad.bio\/en\/retos-a-la-sostenibilidad\/","og_site_name":"GREEN ROAD","article_modified_time":"2023-11-10T16:12:13+00:00","og_image":[{"width":528,"height":528,"url":"https:\/\/greenroad.bio\/wp-content\/uploads\/2021\/04\/Green-Road-Retos-a-la-sostenibilidad-cuadrada.jpg","type":"image\/jpeg"}],"twitter_card":"summary_large_image","twitter_misc":{"Est. reading time":"2 minutes"},"schema":{"@context":"https:\/\/schema.org","@graph":[{"@type":"WebPage","@id":"https:\/\/greenroad.bio\/retos-a-la-sostenibilidad\/","url":"https:\/\/greenroad.bio\/retos-a-la-sostenibilidad\/","name":"Retos a la sostenibilidad - GREEN ROAD","isPartOf":{"@id":"https:\/\/greenroad.bio\/#website"},"primaryImageOfPage":{"@id":"https:\/\/greenroad.bio\/retos-a-la-sostenibilidad\/#primaryimage"},"image":{"@id":"https:\/\/greenroad.bio\/retos-a-la-sostenibilidad\/#primaryimage"},"thumbnailUrl":"https:\/\/greenroad.bio\/wp-content\/uploads\/2021\/04\/producing_concrete_functionsapplicationsdetails.jpeg","datePublished":"2021-04-30T16:10:59+00:00","dateModified":"2023-11-10T16:12:13+00:00","breadcrumb":{"@id":"https:\/\/greenroad.bio\/retos-a-la-sostenibilidad\/#breadcrumb"},"inLanguage":"en-US","potentialAction":[{"@type":"ReadAction","target":["https:\/\/greenroad.bio\/retos-a-la-sostenibilidad\/"]}]},{"@type":"ImageObject","inLanguage":"en-US","@id":"https:\/\/greenroad.bio\/retos-a-la-sostenibilidad\/#primaryimage","url":"https:\/\/greenroad.bio\/wp-content\/uploads\/2021\/04\/producing_concrete_functionsapplicationsdetails.jpeg","contentUrl":"https:\/\/greenroad.bio\/wp-content\/uploads\/2021\/04\/producing_concrete_functionsapplicationsdetails.jpeg"},{"@type":"BreadcrumbList","@id":"https:\/\/greenroad.bio\/retos-a-la-sostenibilidad\/#breadcrumb","itemListElement":[{"@type":"ListItem","position":1,"name":"Inicio","item":"https:\/\/greenroad.bio\/"},{"@type":"ListItem","position":2,"name":"Retos a la sostenibilidad"}]},{"@type":"WebSite","@id":"https:\/\/greenroad.bio\/#website","url":"https:\/\/greenroad.bio\/","name":"GREEN ROAD","description":"Choose the Way of Nature","publisher":{"@id":"https:\/\/greenroad.bio\/#organization"},"potentialAction":[{"@type":"SearchAction","target":{"@type":"EntryPoint","urlTemplate":"https:\/\/greenroad.bio\/?s={search_term_string}"},"query-input":{"@type":"PropertyValueSpecification","valueRequired":true,"valueName":"search_term_string"}}],"inLanguage":"en-US"},{"@type":"Organization","@id":"https:\/\/greenroad.bio\/#organization","name":"Green Road | Choose The Way of Nature","url":"https:\/\/greenroad.bio\/","logo":{"@type":"ImageObject","inLanguage":"en-US","@id":"https:\/\/greenroad.bio\/#\/schema\/logo\/image\/","url":"https:\/\/greenroad.bio\/wp-content\/uploads\/2021\/04\/GreenRoad-Logo-Web-circular-color.png","contentUrl":"https:\/\/greenroad.bio\/wp-content\/uploads\/2021\/04\/GreenRoad-Logo-Web-circular-color.png","width":584,"height":707,"caption":"Green Road | Choose The Way of Nature"},"image":{"@id":"https:\/\/greenroad.bio\/#\/schema\/logo\/image\/"}}]}},"_links":{"self":[{"href":"https:\/\/greenroad.bio\/en\/wp-json\/wp\/v2\/pages\/6077","targetHints":{"allow":["GET"]}}],"collection":[{"href":"https:\/\/greenroad.bio\/en\/wp-json\/wp\/v2\/pages"}],"about":[{"href":"https:\/\/greenroad.bio\/en\/wp-json\/wp\/v2\/types\/page"}],"author":[{"embeddable":true,"href":"https:\/\/greenroad.bio\/en\/wp-json\/wp\/v2\/users\/1"}],"replies":[{"embeddable":true,"href":"https:\/\/greenroad.bio\/en\/wp-json\/wp\/v2\/comments?post=6077"}],"version-history":[{"count":53,"href":"https:\/\/greenroad.bio\/en\/wp-json\/wp\/v2\/pages\/6077\/revisions"}],"predecessor-version":[{"id":10193,"href":"https:\/\/greenroad.bio\/en\/wp-json\/wp\/v2\/pages\/6077\/revisions\/10193"}],"wp:attachment":[{"href":"https:\/\/greenroad.bio\/en\/wp-json\/wp\/v2\/media?parent=6077"}],"curies":[{"name":"wp","href":"https:\/\/api.w.org\/{rel}","templated":true}]}}