{"id":4932,"date":"2021-03-17T19:34:30","date_gmt":"2021-03-17T22:34:30","guid":{"rendered":"https:\/\/greenroad.bio\/?page_id=4932"},"modified":"2023-10-18T12:36:20","modified_gmt":"2023-10-18T15:36:20","slug":"blog-biomimetico","status":"publish","type":"page","link":"https:\/\/greenroad.bio\/en\/blog-biomimetico\/","title":{"rendered":"BLOG"},"content":{"rendered":"<div data-elementor-type=\"wp-page\" data-elementor-id=\"4932\" class=\"elementor elementor-4932\" data-elementor-post-type=\"page\">\n\t\t\t\t\t\t<section class=\"elementor-section elementor-top-section elementor-element elementor-element-afa6673 elementor-section-full_width elementor-section-stretched elementor-section-height-default elementor-section-height-default\" data-id=\"afa6673\" data-element_type=\"section\" data-settings=\"{&quot;stretch_section&quot;:&quot;section-stretched&quot;,&quot;background_background&quot;:&quot;classic&quot;}\">\n\t\t\t\t\t\t<div class=\"elementor-container elementor-column-gap-extended\">\n\t\t\t\t\t<div class=\"elementor-column elementor-col-100 elementor-top-column elementor-element elementor-element-0cf8255 sc_layouts_column_icons_position_left\" data-id=\"0cf8255\" data-element_type=\"column\">\n\t\t\t<div class=\"elementor-widget-wrap elementor-element-populated\">\n\t\t\t\t\t\t<div class=\"elementor-element elementor-element-1137ad8 sc_fly_static elementor-widget elementor-widget-spacer\" data-id=\"1137ad8\" data-element_type=\"widget\" data-widget_type=\"spacer.default\">\n\t\t\t\t<div class=\"elementor-widget-container\">\n\t\t\t\t\t\t\t<div class=\"elementor-spacer\">\n\t\t\t<div class=\"elementor-spacer-inner\"><\/div>\n\t\t<\/div>\n\t\t\t\t\t\t<\/div>\n\t\t\t\t<\/div>\n\t\t\t\t<section class=\"elementor-section elementor-inner-section elementor-element elementor-element-092eb35 elementor-section-content-middle elementor-section-boxed elementor-section-height-default elementor-section-height-default\" data-id=\"092eb35\" data-element_type=\"section\">\n\t\t\t\t\t\t<div class=\"elementor-container elementor-column-gap-extended\">\n\t\t\t\t\t<div class=\"elementor-column elementor-col-50 elementor-inner-column elementor-element elementor-element-da4935b sc_layouts_column_icons_position_left\" data-id=\"da4935b\" data-element_type=\"column\">\n\t\t\t<div class=\"elementor-widget-wrap elementor-element-populated\">\n\t\t\t\t\t\t<div class=\"elementor-element elementor-element-1075d14 sc_fly_static elementor-widget elementor-widget-heading\" data-id=\"1075d14\" data-element_type=\"widget\" data-widget_type=\"heading.default\">\n\t\t\t\t<div class=\"elementor-widget-container\">\n\t\t\t\t\t<h2 class=\"elementor-heading-title elementor-size-default\">Give your opinion!<\/h2>\t\t\t\t<\/div>\n\t\t\t\t<\/div>\n\t\t\t\t\t<\/div>\n\t\t<\/div>\n\t\t\t\t<div class=\"elementor-column elementor-col-50 elementor-inner-column elementor-element elementor-element-0ef753b sc_layouts_column_icons_position_left\" data-id=\"0ef753b\" data-element_type=\"column\">\n\t\t\t<div class=\"elementor-widget-wrap elementor-element-populated\">\n\t\t\t\t\t\t<div class=\"elementor-element elementor-element-8110e08 sc_fly_static elementor-widget elementor-widget-spacer\" data-id=\"8110e08\" data-element_type=\"widget\" data-widget_type=\"spacer.default\">\n\t\t\t\t<div class=\"elementor-widget-container\">\n\t\t\t\t\t\t\t<div class=\"elementor-spacer\">\n\t\t\t<div class=\"elementor-spacer-inner\"><\/div>\n\t\t<\/div>\n\t\t\t\t\t\t<\/div>\n\t\t\t\t<\/div>\n\t\t\t\t<div class=\"elementor-element elementor-element-adb1589 sc_fly_static elementor-widget elementor-widget-text-editor\" data-id=\"adb1589\" data-element_type=\"widget\" data-widget_type=\"text-editor.default\">\n\t\t\t\t<div class=\"elementor-widget-container\">\n\t\t\t\t\t\t\t\t\t<p style=\"text-align: left;\">Participate in this blog and meet the opinion of experts and fans of biomimicry.<\/p>\t\t\t\t\t\t\t\t<\/div>\n\t\t\t\t<\/div>\n\t\t\t\t\t<\/div>\n\t\t<\/div>\n\t\t\t\t\t<\/div>\n\t\t<\/section>\n\t\t\t\t<div class=\"elementor-element elementor-element-d85f89c sc_fly_static elementor-widget elementor-widget-spacer\" data-id=\"d85f89c\" data-element_type=\"widget\" data-widget_type=\"spacer.default\">\n\t\t\t\t<div class=\"elementor-widget-container\">\n\t\t\t\t\t\t\t<div class=\"elementor-spacer\">\n\t\t\t<div class=\"elementor-spacer-inner\"><\/div>\n\t\t<\/div>\n\t\t\t\t\t\t<\/div>\n\t\t\t\t<\/div>\n\t\t\t\t\t<\/div>\n\t\t<\/div>\n\t\t\t\t\t<\/div>\n\t\t<\/section>\n\t\t\t\t<section class=\"elementor-section elementor-top-section elementor-element elementor-element-e807566 elementor-section-boxed elementor-section-height-default elementor-section-height-default\" data-id=\"e807566\" data-element_type=\"section\">\n\t\t\t\t\t\t<div class=\"elementor-container elementor-column-gap-extended\">\n\t\t\t\t\t<div class=\"elementor-column elementor-col-100 elementor-top-column elementor-element elementor-element-77d2841 sc_layouts_column_icons_position_left\" data-id=\"77d2841\" data-element_type=\"column\">\n\t\t\t<div class=\"elementor-widget-wrap elementor-element-populated\">\n\t\t\t\t\t\t<div class=\"elementor-element elementor-element-23ade5c sc_fly_static elementor-widget elementor-widget-trx_widget_categories_list\" data-id=\"23ade5c\" data-element_type=\"widget\" data-widget_type=\"trx_widget_categories_list.default\">\n\t\t\t\t<div class=\"elementor-widget-container\">\n\t\t\t\t\t<div id=\"trx_widget_categories_list_634616795\" class=\"widget_area sc_widget_categories_list\"><\/div>\t\t\t\t<\/div>\n\t\t\t\t<\/div>\n\t\t\t\t\t<\/div>\n\t\t<\/div>\n\t\t\t\t\t<\/div>\n\t\t<\/section>\n\t\t\t\t<\/div>","protected":false},"excerpt":{"rendered":"<p>\u00a1D\u00e9janos tu opini\u00f3n! Participa de este blog y conoce la opini\u00f3n de expertos y aficionados de la&hellip;<\/p>","protected":false},"author":1,"featured_media":0,"parent":0,"menu_order":0,"comment_status":"closed","ping_status":"closed","template":"","meta":{"footnotes":""},"class_list":["post-4932","page","type-page","status-publish","hentry"],"yoast_head":"<!-- This site is optimized with the Yoast SEO plugin v25.8 - https:\/\/yoast.com\/wordpress\/plugins\/seo\/ -->\n<title>Blog Biom\u00edmesis - GREEN ROAD<\/title>\n<meta name=\"robots\" content=\"index, follow, max-snippet:-1, max-image-preview:large, max-video-preview:-1\" \/>\n<link rel=\"canonical\" href=\"https:\/\/greenroad.bio\/en\/blog-biomimetico\/\" \/>\n<meta property=\"og:locale\" content=\"en_US\" \/>\n<meta property=\"og:type\" content=\"article\" \/>\n<meta property=\"og:title\" content=\"Blog Biom\u00edmesis - GREEN ROAD\" \/>\n<meta property=\"og:description\" content=\"\u00a1D\u00e9janos tu opini\u00f3n! Participa de este blog y conoce la opini\u00f3n de expertos y aficionados de la&hellip;\" \/>\n<meta property=\"og:url\" content=\"https:\/\/greenroad.bio\/en\/blog-biomimetico\/\" \/>\n<meta property=\"og:site_name\" content=\"GREEN ROAD\" \/>\n<meta property=\"article:modified_time\" content=\"2023-10-18T15:36:20+00:00\" \/>\n<meta property=\"og:image\" content=\"https:\/\/greenroad.bio\/wp-content\/uploads\/2021\/04\/green-road-blog.jpg\" \/>\n\t<meta property=\"og:image:width\" content=\"600\" \/>\n\t<meta property=\"og:image:height\" content=\"600\" \/>\n\t<meta property=\"og:image:type\" content=\"image\/jpeg\" \/>\n<meta name=\"twitter:card\" content=\"summary_large_image\" \/>\n<meta name=\"twitter:label1\" content=\"Est. reading time\" \/>\n\t<meta name=\"twitter:data1\" content=\"1 minute\" \/>\n<script type=\"application\/ld+json\" class=\"yoast-schema-graph\">{\"@context\":\"https:\/\/schema.org\",\"@graph\":[{\"@type\":\"WebPage\",\"@id\":\"https:\/\/greenroad.bio\/blog-biomimetico\/\",\"url\":\"https:\/\/greenroad.bio\/blog-biomimetico\/\",\"name\":\"Blog Biom\u00edmesis - GREEN ROAD\",\"isPartOf\":{\"@id\":\"https:\/\/greenroad.bio\/#website\"},\"primaryImageOfPage\":{\"@id\":\"https:\/\/greenroad.bio\/blog-biomimetico\/#primaryimage\"},\"image\":{\"@id\":\"https:\/\/greenroad.bio\/blog-biomimetico\/#primaryimage\"},\"thumbnailUrl\":\"https:\/\/greenroad.bio\/wp-content\/uploads\/2021\/05\/Green-Road-biomimetismo-fondo-2-02-400x266.jpg\",\"datePublished\":\"2021-03-17T22:34:30+00:00\",\"dateModified\":\"2023-10-18T15:36:20+00:00\",\"breadcrumb\":{\"@id\":\"https:\/\/greenroad.bio\/blog-biomimetico\/#breadcrumb\"},\"inLanguage\":\"en-US\",\"potentialAction\":[{\"@type\":\"ReadAction\",\"target\":[\"https:\/\/greenroad.bio\/blog-biomimetico\/\"]}]},{\"@type\":\"ImageObject\",\"inLanguage\":\"en-US\",\"@id\":\"https:\/\/greenroad.bio\/blog-biomimetico\/#primaryimage\",\"url\":\"https:\/\/greenroad.bio\/wp-content\/uploads\/2021\/05\/Green-Road-biomimetismo-fondo-2-02-400x266.jpg\",\"contentUrl\":\"https:\/\/greenroad.bio\/wp-content\/uploads\/2021\/05\/Green-Road-biomimetismo-fondo-2-02-400x266.jpg\"},{\"@type\":\"BreadcrumbList\",\"@id\":\"https:\/\/greenroad.bio\/blog-biomimetico\/#breadcrumb\",\"itemListElement\":[{\"@type\":\"ListItem\",\"position\":1,\"name\":\"Inicio\",\"item\":\"https:\/\/greenroad.bio\/\"},{\"@type\":\"ListItem\",\"position\":2,\"name\":\"Blog Biom\u00edmesis\"}]},{\"@type\":\"WebSite\",\"@id\":\"https:\/\/greenroad.bio\/#website\",\"url\":\"https:\/\/greenroad.bio\/\",\"name\":\"GREEN ROAD\",\"description\":\"Choose the Way of Nature\",\"publisher\":{\"@id\":\"https:\/\/greenroad.bio\/#organization\"},\"potentialAction\":[{\"@type\":\"SearchAction\",\"target\":{\"@type\":\"EntryPoint\",\"urlTemplate\":\"https:\/\/greenroad.bio\/?s={search_term_string}\"},\"query-input\":{\"@type\":\"PropertyValueSpecification\",\"valueRequired\":true,\"valueName\":\"search_term_string\"}}],\"inLanguage\":\"en-US\"},{\"@type\":\"Organization\",\"@id\":\"https:\/\/greenroad.bio\/#organization\",\"name\":\"Green Road | Choose The Way of Nature\",\"url\":\"https:\/\/greenroad.bio\/\",\"logo\":{\"@type\":\"ImageObject\",\"inLanguage\":\"en-US\",\"@id\":\"https:\/\/greenroad.bio\/#\/schema\/logo\/image\/\",\"url\":\"https:\/\/greenroad.bio\/wp-content\/uploads\/2021\/04\/GreenRoad-Logo-Web-circular-color.png\",\"contentUrl\":\"https:\/\/greenroad.bio\/wp-content\/uploads\/2021\/04\/GreenRoad-Logo-Web-circular-color.png\",\"width\":584,\"height\":707,\"caption\":\"Green Road | Choose The Way of Nature\"},\"image\":{\"@id\":\"https:\/\/greenroad.bio\/#\/schema\/logo\/image\/\"}}]}<\/script>\n<!-- \/ Yoast SEO plugin. -->","yoast_head_json":{"title":"Blog Biom\u00edmesis - GREEN ROAD","robots":{"index":"index","follow":"follow","max-snippet":"max-snippet:-1","max-image-preview":"max-image-preview:large","max-video-preview":"max-video-preview:-1"},"canonical":"https:\/\/greenroad.bio\/en\/blog-biomimetico\/","og_locale":"en_US","og_type":"article","og_title":"Blog Biom\u00edmesis - GREEN ROAD","og_description":"\u00a1D\u00e9janos tu opini\u00f3n! Participa de este blog y conoce la opini\u00f3n de expertos y aficionados de la&hellip;","og_url":"https:\/\/greenroad.bio\/en\/blog-biomimetico\/","og_site_name":"GREEN ROAD","article_modified_time":"2023-10-18T15:36:20+00:00","og_image":[{"width":600,"height":600,"url":"https:\/\/greenroad.bio\/wp-content\/uploads\/2021\/04\/green-road-blog.jpg","type":"image\/jpeg"}],"twitter_card":"summary_large_image","twitter_misc":{"Est. reading time":"1 minute"},"schema":{"@context":"https:\/\/schema.org","@graph":[{"@type":"WebPage","@id":"https:\/\/greenroad.bio\/blog-biomimetico\/","url":"https:\/\/greenroad.bio\/blog-biomimetico\/","name":"Blog Biom\u00edmesis - GREEN ROAD","isPartOf":{"@id":"https:\/\/greenroad.bio\/#website"},"primaryImageOfPage":{"@id":"https:\/\/greenroad.bio\/blog-biomimetico\/#primaryimage"},"image":{"@id":"https:\/\/greenroad.bio\/blog-biomimetico\/#primaryimage"},"thumbnailUrl":"https:\/\/greenroad.bio\/wp-content\/uploads\/2021\/05\/Green-Road-biomimetismo-fondo-2-02-400x266.jpg","datePublished":"2021-03-17T22:34:30+00:00","dateModified":"2023-10-18T15:36:20+00:00","breadcrumb":{"@id":"https:\/\/greenroad.bio\/blog-biomimetico\/#breadcrumb"},"inLanguage":"en-US","potentialAction":[{"@type":"ReadAction","target":["https:\/\/greenroad.bio\/blog-biomimetico\/"]}]},{"@type":"ImageObject","inLanguage":"en-US","@id":"https:\/\/greenroad.bio\/blog-biomimetico\/#primaryimage","url":"https:\/\/greenroad.bio\/wp-content\/uploads\/2021\/05\/Green-Road-biomimetismo-fondo-2-02-400x266.jpg","contentUrl":"https:\/\/greenroad.bio\/wp-content\/uploads\/2021\/05\/Green-Road-biomimetismo-fondo-2-02-400x266.jpg"},{"@type":"BreadcrumbList","@id":"https:\/\/greenroad.bio\/blog-biomimetico\/#breadcrumb","itemListElement":[{"@type":"ListItem","position":1,"name":"Inicio","item":"https:\/\/greenroad.bio\/"},{"@type":"ListItem","position":2,"name":"Blog Biom\u00edmesis"}]},{"@type":"WebSite","@id":"https:\/\/greenroad.bio\/#website","url":"https:\/\/greenroad.bio\/","name":"GREEN ROAD","description":"Choose the Way of Nature","publisher":{"@id":"https:\/\/greenroad.bio\/#organization"},"potentialAction":[{"@type":"SearchAction","target":{"@type":"EntryPoint","urlTemplate":"https:\/\/greenroad.bio\/?s={search_term_string}"},"query-input":{"@type":"PropertyValueSpecification","valueRequired":true,"valueName":"search_term_string"}}],"inLanguage":"en-US"},{"@type":"Organization","@id":"https:\/\/greenroad.bio\/#organization","name":"Green Road | Choose The Way of Nature","url":"https:\/\/greenroad.bio\/","logo":{"@type":"ImageObject","inLanguage":"en-US","@id":"https:\/\/greenroad.bio\/#\/schema\/logo\/image\/","url":"https:\/\/greenroad.bio\/wp-content\/uploads\/2021\/04\/GreenRoad-Logo-Web-circular-color.png","contentUrl":"https:\/\/greenroad.bio\/wp-content\/uploads\/2021\/04\/GreenRoad-Logo-Web-circular-color.png","width":584,"height":707,"caption":"Green Road | Choose The Way of Nature"},"image":{"@id":"https:\/\/greenroad.bio\/#\/schema\/logo\/image\/"}}]}},"_links":{"self":[{"href":"https:\/\/greenroad.bio\/en\/wp-json\/wp\/v2\/pages\/4932","targetHints":{"allow":["GET"]}}],"collection":[{"href":"https:\/\/greenroad.bio\/en\/wp-json\/wp\/v2\/pages"}],"about":[{"href":"https:\/\/greenroad.bio\/en\/wp-json\/wp\/v2\/types\/page"}],"author":[{"embeddable":true,"href":"https:\/\/greenroad.bio\/en\/wp-json\/wp\/v2\/users\/1"}],"replies":[{"embeddable":true,"href":"https:\/\/greenroad.bio\/en\/wp-json\/wp\/v2\/comments?post=4932"}],"version-history":[{"count":126,"href":"https:\/\/greenroad.bio\/en\/wp-json\/wp\/v2\/pages\/4932\/revisions"}],"predecessor-version":[{"id":10071,"href":"https:\/\/greenroad.bio\/en\/wp-json\/wp\/v2\/pages\/4932\/revisions\/10071"}],"wp:attachment":[{"href":"https:\/\/greenroad.bio\/en\/wp-json\/wp\/v2\/media?parent=4932"}],"curies":[{"name":"wp","href":"https:\/\/api.w.org\/{rel}","templated":true}]}}